{"id":624,"date":"2021-03-17T10:02:15","date_gmt":"2021-03-17T09:02:15","guid":{"rendered":"https:\/\/www.healtis.com\/?page_id=624"},"modified":"2024-11-18T10:58:09","modified_gmt":"2024-11-18T09:58:09","slug":"kontakt","status":"publish","type":"page","link":"https:\/\/www.healtis.com\/de\/kontakt\/","title":{"rendered":"Kontakt"},"content":{"rendered":"\r\n<p>Haben Sie eine Frage oder ein Projekt, das Sie uns vorlegen m\u00f6chten?<\/p>\r\n\r\n\r\n\r\n<p>Kontaktieren Sie uns, indem Sie das untenstehende Formular ausf\u00fcllen. Wir werden uns sehr bald bei Ihnen melden.<\/p>\r\n\r\n\r\n\r\n<div class=\"wp-block-contact-form-7-contact-form-selector\">\n<div class=\"wpcf7 no-js\" id=\"wpcf7-f838-o1\" lang=\"fr-FR\" dir=\"ltr\" data-wpcf7-id=\"838\">\n<div class=\"screen-reader-response\"><p role=\"status\" aria-live=\"polite\" aria-atomic=\"true\"><\/p> <ul><\/ul><\/div>\n<form action=\"\/de\/wp-json\/wp\/v2\/pages\/624#wpcf7-f838-o1\" method=\"post\" class=\"wpcf7-form init\" aria-label=\"Formulaire de contact\" novalidate=\"novalidate\" data-status=\"init\">\n<fieldset class=\"hidden-fields-container\"><input type=\"hidden\" name=\"_wpcf7\" value=\"838\" \/><input type=\"hidden\" name=\"_wpcf7_version\" value=\"6.1.4\" \/><input type=\"hidden\" name=\"_wpcf7_locale\" value=\"fr_FR\" \/><input type=\"hidden\" name=\"_wpcf7_unit_tag\" value=\"wpcf7-f838-o1\" \/><input type=\"hidden\" name=\"_wpcf7_container_post\" value=\"0\" \/><input type=\"hidden\" name=\"_wpcf7_posted_data_hash\" value=\"\" \/><input type=\"hidden\" name=\"_wpcf7_recaptcha_response\" value=\"\" \/>\n<\/fieldset>\n<p><label> Name <span style=\"color: red;\">*<\/span><br \/>\n<span class=\"wpcf7-form-control-wrap\" data-name=\"your-name\"><input size=\"40\" maxlength=\"400\" class=\"wpcf7-form-control wpcf7-text wpcf7-validates-as-required\" aria-required=\"true\" aria-invalid=\"false\" value=\"\" type=\"text\" name=\"your-name\" \/><\/span> <\/label>\n<\/p>\n<p><label> Unternehmen<br \/>\n<span class=\"wpcf7-form-control-wrap\" data-name=\"your-company\"><input size=\"40\" maxlength=\"400\" class=\"wpcf7-form-control wpcf7-text\" aria-invalid=\"false\" value=\"\" type=\"text\" name=\"your-company\" \/><\/span> <\/label>\n<\/p>\n<p><label> Email Adresse <span style=\"color: red;\">*<\/span><br \/>\n<span class=\"wpcf7-form-control-wrap\" data-name=\"your-email\"><input size=\"40\" maxlength=\"400\" class=\"wpcf7-form-control wpcf7-email wpcf7-validates-as-required wpcf7-text wpcf7-validates-as-email\" aria-required=\"true\" aria-invalid=\"false\" value=\"\" type=\"email\" name=\"your-email\" \/><\/span> <\/label>\n<\/p>\n<p><label> Telefonnummer<br \/>\n<span class=\"wpcf7-form-control-wrap\" data-name=\"your-tel\"><input size=\"40\" maxlength=\"400\" class=\"wpcf7-form-control wpcf7-tel wpcf7-text wpcf7-validates-as-tel\" aria-invalid=\"false\" value=\"\" type=\"tel\" name=\"your-tel\" \/><\/span> <\/label>\n<\/p>\n<p><label> Betreff<br \/>\n<span class=\"wpcf7-form-control-wrap\" data-name=\"your-subject\"><input size=\"40\" maxlength=\"400\" class=\"wpcf7-form-control wpcf7-text\" aria-invalid=\"false\" value=\"\" type=\"text\" name=\"your-subject\" \/><\/span> <\/label>\n<\/p>\n<p><label> Nachricht <span style=\"color: red;\">*<\/span><br \/>\n<span class=\"wpcf7-form-control-wrap\" data-name=\"your-message\"><textarea cols=\"40\" rows=\"10\" maxlength=\"2000\" class=\"wpcf7-form-control wpcf7-textarea wpcf7-validates-as-required\" aria-required=\"true\" aria-invalid=\"false\" name=\"your-message\"><\/textarea><\/span> <\/label>\n<\/p>\n<p><label> Datenschutz <span style=\"color: red;\">*<\/span><br \/>\n<span class=\"wpcf7-form-control-wrap\" data-name=\"acceptance\"><span class=\"wpcf7-form-control wpcf7-acceptance\"><span class=\"wpcf7-list-item\"><input type=\"checkbox\" name=\"acceptance\" value=\"1\" aria-invalid=\"false\" \/><\/span><\/span><\/span> <\/label> Mit dem Absenden dieses Formulars erkl\u00e4re ich mich damit einverstanden, dass die eingegebenen Daten gespeichert und genutzt werden, um eine ordnungsgem\u00e4\u00dfe Bearbeitung meiner Anfrage zu erm\u00f6glichen.\n<\/p>\n<p><input class=\"wpcf7-form-control wpcf7-submit has-spinner\" type=\"submit\" value=\"Senden\" \/>\n<\/p><div class=\"wpcf7-response-output\" aria-hidden=\"true\"><\/div>\n<\/form>\n<\/div>\n<\/div>\r\n\r\n\r\n<!-- Event snippet for Contact_SiteWeb conversion page -->\r\n<p><script>\r\n  gtag('event', 'conversion', {'send_to': 'AW-994160257\/TarhCIuxmI8CEIHdhtoD'});\r\n<\/script><\/p>\r\n","protected":false},"excerpt":{"rendered":"<p>Haben Sie eine Frage oder ein Projekt, das Sie uns vorlegen m\u00f6chten? Kontaktieren Sie uns, indem Sie das untenstehende Formular ausf\u00fcllen. Wir werden uns sehr bald bei Ihnen melden.<\/p>\n","protected":false},"author":3,"featured_media":0,"parent":0,"menu_order":0,"comment_status":"closed","ping_status":"closed","template":"","meta":{"_acf_changed":false,"footnotes":""},"class_list":["post-624","page","type-page","status-publish","hentry"],"acf":[],"yoast_head":"<!-- This site is optimized with the Yoast SEO plugin v26.6 - https:\/\/yoast.com\/wordpress\/plugins\/seo\/ -->\n<title>HEALTIS | Kontaktieren Sie Healtis f\u00fcr ein MRT-Sicherheitsbewertungsprojekt f\u00fcr Ihre Medizinprodukte<\/title>\n<meta name=\"description\" content=\"Ben\u00f6tigen Sie Hilfe bei der Bewertung der Sicherheit Ihrer Ger\u00e4te in einer MRT-Umgebung? Kontaktieren Sie Healtis f\u00fcr pers\u00f6nliche Unterst\u00fctzung.\" \/>\n<meta name=\"robots\" content=\"index, follow, max-snippet:-1, max-image-preview:large, max-video-preview:-1\" \/>\n<link rel=\"canonical\" href=\"https:\/\/www.healtis.com\/de\/kontakt\/\" \/>\n<meta property=\"og:locale\" content=\"de_DE\" \/>\n<meta property=\"og:type\" content=\"article\" \/>\n<meta property=\"og:title\" content=\"HEALTIS | Kontaktieren Sie Healtis f\u00fcr ein MRT-Sicherheitsbewertungsprojekt f\u00fcr Ihre Medizinprodukte\" \/>\n<meta property=\"og:description\" content=\"Ben\u00f6tigen Sie Hilfe bei der Bewertung der Sicherheit Ihrer Ger\u00e4te in einer MRT-Umgebung? Kontaktieren Sie Healtis f\u00fcr pers\u00f6nliche Unterst\u00fctzung.\" \/>\n<meta property=\"og:url\" content=\"https:\/\/www.healtis.com\/de\/kontakt\/\" \/>\n<meta property=\"og:site_name\" content=\"Healtis MRI Safety\" \/>\n<meta property=\"article:modified_time\" content=\"2024-11-18T09:58:09+00:00\" \/>\n<meta name=\"twitter:card\" content=\"summary_large_image\" \/>\n<meta name=\"twitter:label1\" content=\"Gesch\u00e4tzte Lesezeit\" \/>\n\t<meta name=\"twitter:data1\" content=\"1\u00a0Minute\" \/>\n<script type=\"application\/ld+json\" class=\"yoast-schema-graph\">{\"@context\":\"https:\/\/schema.org\",\"@graph\":[{\"@type\":\"WebPage\",\"@id\":\"https:\/\/www.healtis.com\/de\/kontakt\/\",\"url\":\"https:\/\/www.healtis.com\/de\/kontakt\/\",\"name\":\"HEALTIS | Kontaktieren Sie Healtis f\u00fcr ein MRT-Sicherheitsbewertungsprojekt f\u00fcr Ihre Medizinprodukte\",\"isPartOf\":{\"@id\":\"https:\/\/www.healtis.com\/de\/#website\"},\"datePublished\":\"2021-03-17T09:02:15+00:00\",\"dateModified\":\"2024-11-18T09:58:09+00:00\",\"description\":\"Ben\u00f6tigen Sie Hilfe bei der Bewertung der Sicherheit Ihrer Ger\u00e4te in einer MRT-Umgebung? Kontaktieren Sie Healtis f\u00fcr pers\u00f6nliche Unterst\u00fctzung.\",\"breadcrumb\":{\"@id\":\"https:\/\/www.healtis.com\/de\/kontakt\/#breadcrumb\"},\"inLanguage\":\"de\",\"potentialAction\":[{\"@type\":\"ReadAction\",\"target\":[\"https:\/\/www.healtis.com\/de\/kontakt\/\"]}]},{\"@type\":\"BreadcrumbList\",\"@id\":\"https:\/\/www.healtis.com\/de\/kontakt\/#breadcrumb\",\"itemListElement\":[{\"@type\":\"ListItem\",\"position\":1,\"name\":\"Accueil\",\"item\":\"https:\/\/www.healtis.com\/de\/\"},{\"@type\":\"ListItem\",\"position\":2,\"name\":\"Kontakt\"}]},{\"@type\":\"WebSite\",\"@id\":\"https:\/\/www.healtis.com\/de\/#website\",\"url\":\"https:\/\/www.healtis.com\/de\/\",\"name\":\"Healtis MRI Safety\",\"description\":\"Where MRI meets safety\",\"potentialAction\":[{\"@type\":\"SearchAction\",\"target\":{\"@type\":\"EntryPoint\",\"urlTemplate\":\"https:\/\/www.healtis.com\/de\/?s={search_term_string}\"},\"query-input\":{\"@type\":\"PropertyValueSpecification\",\"valueRequired\":true,\"valueName\":\"search_term_string\"}}],\"inLanguage\":\"de\"}]}<\/script>\n<!-- \/ Yoast SEO plugin. -->","yoast_head_json":{"title":"HEALTIS | Kontaktieren Sie Healtis f\u00fcr ein MRT-Sicherheitsbewertungsprojekt f\u00fcr Ihre Medizinprodukte","description":"Ben\u00f6tigen Sie Hilfe bei der Bewertung der Sicherheit Ihrer Ger\u00e4te in einer MRT-Umgebung? Kontaktieren Sie Healtis f\u00fcr pers\u00f6nliche Unterst\u00fctzung.","robots":{"index":"index","follow":"follow","max-snippet":"max-snippet:-1","max-image-preview":"max-image-preview:large","max-video-preview":"max-video-preview:-1"},"canonical":"https:\/\/www.healtis.com\/de\/kontakt\/","og_locale":"de_DE","og_type":"article","og_title":"HEALTIS | Kontaktieren Sie Healtis f\u00fcr ein MRT-Sicherheitsbewertungsprojekt f\u00fcr Ihre Medizinprodukte","og_description":"Ben\u00f6tigen Sie Hilfe bei der Bewertung der Sicherheit Ihrer Ger\u00e4te in einer MRT-Umgebung? Kontaktieren Sie Healtis f\u00fcr pers\u00f6nliche Unterst\u00fctzung.","og_url":"https:\/\/www.healtis.com\/de\/kontakt\/","og_site_name":"Healtis MRI Safety","article_modified_time":"2024-11-18T09:58:09+00:00","twitter_card":"summary_large_image","twitter_misc":{"Gesch\u00e4tzte Lesezeit":"1\u00a0Minute"},"schema":{"@context":"https:\/\/schema.org","@graph":[{"@type":"WebPage","@id":"https:\/\/www.healtis.com\/de\/kontakt\/","url":"https:\/\/www.healtis.com\/de\/kontakt\/","name":"HEALTIS | Kontaktieren Sie Healtis f\u00fcr ein MRT-Sicherheitsbewertungsprojekt f\u00fcr Ihre Medizinprodukte","isPartOf":{"@id":"https:\/\/www.healtis.com\/de\/#website"},"datePublished":"2021-03-17T09:02:15+00:00","dateModified":"2024-11-18T09:58:09+00:00","description":"Ben\u00f6tigen Sie Hilfe bei der Bewertung der Sicherheit Ihrer Ger\u00e4te in einer MRT-Umgebung? Kontaktieren Sie Healtis f\u00fcr pers\u00f6nliche Unterst\u00fctzung.","breadcrumb":{"@id":"https:\/\/www.healtis.com\/de\/kontakt\/#breadcrumb"},"inLanguage":"de","potentialAction":[{"@type":"ReadAction","target":["https:\/\/www.healtis.com\/de\/kontakt\/"]}]},{"@type":"BreadcrumbList","@id":"https:\/\/www.healtis.com\/de\/kontakt\/#breadcrumb","itemListElement":[{"@type":"ListItem","position":1,"name":"Accueil","item":"https:\/\/www.healtis.com\/de\/"},{"@type":"ListItem","position":2,"name":"Kontakt"}]},{"@type":"WebSite","@id":"https:\/\/www.healtis.com\/de\/#website","url":"https:\/\/www.healtis.com\/de\/","name":"Healtis MRI Safety","description":"Where MRI meets safety","potentialAction":[{"@type":"SearchAction","target":{"@type":"EntryPoint","urlTemplate":"https:\/\/www.healtis.com\/de\/?s={search_term_string}"},"query-input":{"@type":"PropertyValueSpecification","valueRequired":true,"valueName":"search_term_string"}}],"inLanguage":"de"}]}},"_links":{"self":[{"href":"https:\/\/www.healtis.com\/de\/wp-json\/wp\/v2\/pages\/624","targetHints":{"allow":["GET"]}}],"collection":[{"href":"https:\/\/www.healtis.com\/de\/wp-json\/wp\/v2\/pages"}],"about":[{"href":"https:\/\/www.healtis.com\/de\/wp-json\/wp\/v2\/types\/page"}],"author":[{"embeddable":true,"href":"https:\/\/www.healtis.com\/de\/wp-json\/wp\/v2\/users\/3"}],"replies":[{"embeddable":true,"href":"https:\/\/www.healtis.com\/de\/wp-json\/wp\/v2\/comments?post=624"}],"version-history":[{"count":8,"href":"https:\/\/www.healtis.com\/de\/wp-json\/wp\/v2\/pages\/624\/revisions"}],"predecessor-version":[{"id":15186,"href":"https:\/\/www.healtis.com\/de\/wp-json\/wp\/v2\/pages\/624\/revisions\/15186"}],"wp:attachment":[{"href":"https:\/\/www.healtis.com\/de\/wp-json\/wp\/v2\/media?parent=624"}],"curies":[{"name":"wp","href":"https:\/\/api.w.org\/{rel}","templated":true}]}}