{"id":636,"date":"2021-03-17T10:10:23","date_gmt":"2021-03-17T09:10:23","guid":{"rendered":"https:\/\/www.healtis.com\/?page_id=636"},"modified":"2024-11-18T11:01:21","modified_gmt":"2024-11-18T10:01:21","slug":"startseite","status":"publish","type":"page","link":"https:\/\/www.healtis.com\/de\/","title":{"rendered":"Startseite"},"content":{"rendered":"\r\n<pre id=\"tw-target-text\" class=\"wp-block-preformatted\">\u00a0<\/pre>\r\n","protected":false},"excerpt":{"rendered":"<p>\u00a0<\/p>\n","protected":false},"author":3,"featured_media":0,"parent":0,"menu_order":0,"comment_status":"closed","ping_status":"closed","template":"","meta":{"_acf_changed":false,"footnotes":""},"class_list":["post-636","page","type-page","status-publish","hentry"],"acf":[],"yoast_head":"<!-- This site is optimized with the Yoast SEO plugin v26.6 - https:\/\/yoast.com\/wordpress\/plugins\/seo\/ -->\n<title>HEALTIS | MRT-Sicherheitsbewertung f\u00fcr Medizinprodukte : Pr\u00fcfung, Modellierung, Beratung<\/title>\n<meta name=\"description\" content=\"Willkommen auf der offiziellen Seite von Healtis | Testlabor, das seit \u00fcber 10 Jahren auf MRT-Sicherheit f\u00fcr medizinische Ger\u00e4te spezialisiert ist.\" \/>\n<meta name=\"robots\" content=\"index, follow, max-snippet:-1, max-image-preview:large, max-video-preview:-1\" \/>\n<link rel=\"canonical\" href=\"https:\/\/www.healtis.com\/de\/\" \/>\n<meta property=\"og:locale\" content=\"de_DE\" \/>\n<meta property=\"og:type\" content=\"article\" \/>\n<meta property=\"og:title\" content=\"HEALTIS | MRT-Sicherheitsbewertung f\u00fcr Medizinprodukte : Pr\u00fcfung, Modellierung, Beratung\" \/>\n<meta property=\"og:description\" content=\"Willkommen auf der offiziellen Seite von Healtis | Testlabor, das seit \u00fcber 10 Jahren auf MRT-Sicherheit f\u00fcr medizinische Ger\u00e4te spezialisiert ist.\" \/>\n<meta property=\"og:url\" content=\"https:\/\/www.healtis.com\/de\/\" \/>\n<meta property=\"og:site_name\" content=\"Healtis MRI Safety\" \/>\n<meta property=\"article:modified_time\" content=\"2024-11-18T10:01:21+00:00\" \/>\n<meta name=\"twitter:card\" content=\"summary_large_image\" \/>\n<script type=\"application\/ld+json\" class=\"yoast-schema-graph\">{\"@context\":\"https:\/\/schema.org\",\"@graph\":[{\"@type\":\"WebPage\",\"@id\":\"https:\/\/www.healtis.com\/de\/\",\"url\":\"https:\/\/www.healtis.com\/de\/\",\"name\":\"HEALTIS | MRT-Sicherheitsbewertung f\u00fcr Medizinprodukte : Pr\u00fcfung, Modellierung, Beratung\",\"isPartOf\":{\"@id\":\"https:\/\/www.healtis.com\/de\/#website\"},\"datePublished\":\"2021-03-17T09:10:23+00:00\",\"dateModified\":\"2024-11-18T10:01:21+00:00\",\"description\":\"Willkommen auf der offiziellen Seite von Healtis | Testlabor, das seit \u00fcber 10 Jahren auf MRT-Sicherheit f\u00fcr medizinische Ger\u00e4te spezialisiert ist.\",\"breadcrumb\":{\"@id\":\"https:\/\/www.healtis.com\/de\/#breadcrumb\"},\"inLanguage\":\"de\",\"potentialAction\":[{\"@type\":\"ReadAction\",\"target\":[\"https:\/\/www.healtis.com\/de\/\"]}]},{\"@type\":\"BreadcrumbList\",\"@id\":\"https:\/\/www.healtis.com\/de\/#breadcrumb\",\"itemListElement\":[{\"@type\":\"ListItem\",\"position\":1,\"name\":\"Accueil\",\"item\":\"https:\/\/www.healtis.com\/de\/\"},{\"@type\":\"ListItem\",\"position\":2,\"name\":\"Startseite\"}]},{\"@type\":\"WebSite\",\"@id\":\"https:\/\/www.healtis.com\/de\/#website\",\"url\":\"https:\/\/www.healtis.com\/de\/\",\"name\":\"Healtis MRI Safety\",\"description\":\"Where MRI meets safety\",\"potentialAction\":[{\"@type\":\"SearchAction\",\"target\":{\"@type\":\"EntryPoint\",\"urlTemplate\":\"https:\/\/www.healtis.com\/de\/?s={search_term_string}\"},\"query-input\":{\"@type\":\"PropertyValueSpecification\",\"valueRequired\":true,\"valueName\":\"search_term_string\"}}],\"inLanguage\":\"de\"}]}<\/script>\n<!-- \/ Yoast SEO plugin. -->","yoast_head_json":{"title":"HEALTIS | MRT-Sicherheitsbewertung f\u00fcr Medizinprodukte : Pr\u00fcfung, Modellierung, Beratung","description":"Willkommen auf der offiziellen Seite von Healtis | Testlabor, das seit \u00fcber 10 Jahren auf MRT-Sicherheit f\u00fcr medizinische Ger\u00e4te spezialisiert ist.","robots":{"index":"index","follow":"follow","max-snippet":"max-snippet:-1","max-image-preview":"max-image-preview:large","max-video-preview":"max-video-preview:-1"},"canonical":"https:\/\/www.healtis.com\/de\/","og_locale":"de_DE","og_type":"article","og_title":"HEALTIS | MRT-Sicherheitsbewertung f\u00fcr Medizinprodukte : Pr\u00fcfung, Modellierung, Beratung","og_description":"Willkommen auf der offiziellen Seite von Healtis | Testlabor, das seit \u00fcber 10 Jahren auf MRT-Sicherheit f\u00fcr medizinische Ger\u00e4te spezialisiert ist.","og_url":"https:\/\/www.healtis.com\/de\/","og_site_name":"Healtis MRI Safety","article_modified_time":"2024-11-18T10:01:21+00:00","twitter_card":"summary_large_image","schema":{"@context":"https:\/\/schema.org","@graph":[{"@type":"WebPage","@id":"https:\/\/www.healtis.com\/de\/","url":"https:\/\/www.healtis.com\/de\/","name":"HEALTIS | MRT-Sicherheitsbewertung f\u00fcr Medizinprodukte : Pr\u00fcfung, Modellierung, Beratung","isPartOf":{"@id":"https:\/\/www.healtis.com\/de\/#website"},"datePublished":"2021-03-17T09:10:23+00:00","dateModified":"2024-11-18T10:01:21+00:00","description":"Willkommen auf der offiziellen Seite von Healtis | Testlabor, das seit \u00fcber 10 Jahren auf MRT-Sicherheit f\u00fcr medizinische Ger\u00e4te spezialisiert ist.","breadcrumb":{"@id":"https:\/\/www.healtis.com\/de\/#breadcrumb"},"inLanguage":"de","potentialAction":[{"@type":"ReadAction","target":["https:\/\/www.healtis.com\/de\/"]}]},{"@type":"BreadcrumbList","@id":"https:\/\/www.healtis.com\/de\/#breadcrumb","itemListElement":[{"@type":"ListItem","position":1,"name":"Accueil","item":"https:\/\/www.healtis.com\/de\/"},{"@type":"ListItem","position":2,"name":"Startseite"}]},{"@type":"WebSite","@id":"https:\/\/www.healtis.com\/de\/#website","url":"https:\/\/www.healtis.com\/de\/","name":"Healtis MRI Safety","description":"Where MRI meets safety","potentialAction":[{"@type":"SearchAction","target":{"@type":"EntryPoint","urlTemplate":"https:\/\/www.healtis.com\/de\/?s={search_term_string}"},"query-input":{"@type":"PropertyValueSpecification","valueRequired":true,"valueName":"search_term_string"}}],"inLanguage":"de"}]}},"_links":{"self":[{"href":"https:\/\/www.healtis.com\/de\/wp-json\/wp\/v2\/pages\/636","targetHints":{"allow":["GET"]}}],"collection":[{"href":"https:\/\/www.healtis.com\/de\/wp-json\/wp\/v2\/pages"}],"about":[{"href":"https:\/\/www.healtis.com\/de\/wp-json\/wp\/v2\/types\/page"}],"author":[{"embeddable":true,"href":"https:\/\/www.healtis.com\/de\/wp-json\/wp\/v2\/users\/3"}],"replies":[{"embeddable":true,"href":"https:\/\/www.healtis.com\/de\/wp-json\/wp\/v2\/comments?post=636"}],"version-history":[{"count":2,"href":"https:\/\/www.healtis.com\/de\/wp-json\/wp\/v2\/pages\/636\/revisions"}],"predecessor-version":[{"id":14996,"href":"https:\/\/www.healtis.com\/de\/wp-json\/wp\/v2\/pages\/636\/revisions\/14996"}],"wp:attachment":[{"href":"https:\/\/www.healtis.com\/de\/wp-json\/wp\/v2\/media?parent=636"}],"curies":[{"name":"wp","href":"https:\/\/api.w.org\/{rel}","templated":true}]}}