{"id":669,"date":"2021-03-17T10:39:54","date_gmt":"2021-03-17T09:39:54","guid":{"rendered":"https:\/\/www.healtis.com\/?page_id=669"},"modified":"2025-05-21T16:20:19","modified_gmt":"2025-05-21T14:20:19","slug":"rechtliche-hinweise","status":"publish","type":"page","link":"https:\/\/www.healtis.com\/de\/rechtliche-hinweise\/","title":{"rendered":"Rechtliche Hinweise"},"content":{"rendered":"\r\n<p>This Site is subject to international treaties and French legislation on copyright and intellectual property and complies with the provisions of Law No. 2004-575 of 21 June 2004 on Trust in the Digital Economy.<\/p>\r\n\r\n\r\n\r\n<h2 class=\"wp-block-heading\">OWNERSHIP OF THE WEBSITE WWW.HEALTIS.COM<\/h2>\r\n\r\n\r\n\r\n<ul class=\"wp-block-list\">\r\n<li>HEALTIS<\/li>\r\n<li>Simplified joint stock company with a capital of 100,000 euros<\/li>\r\n<li>Registered office: CHRU de Nancy Brabois &#8211; H\u00f4pital des Adultes-Rez de Chauss\u00e9e &#8211; Rue du Morvan 54511 Vand\u0153uvre-l\u00e8s-Nancy Cedex &#8211; France<\/li>\r\n<li>Telephone : +33(0)9 70 40 54 79<\/li>\r\n<li>RCS Nancy : 790099857<\/li>\r\n<li>SIRET : 790\u00a0099\u00a0857 00043<\/li>\r\n<li>Intracommunity VAT number: FR 17\u00a0790\u00a0099 857<\/li>\r\n<li>APE Code: 7120B<\/li>\r\n<li>\u00a0Director of publication: Yannick PONVIANNE, C.E.O<\/li>\r\n<\/ul>\r\n\r\n\r\n\r\n<h2 class=\"wp-block-heading\">WEBSITE HOSTING<\/h2>\r\n\r\n\r\n\r\n<ul class=\"wp-block-list\">\r\n<li>AntheDesign<\/li>\r\n<li>12 rue du 8 mai 1945, 60350 Attichy (France)<\/li>\r\n<li>T\u00e9l\u00e9phone : +33(0)9 72 21 25 07<\/li>\r\n<li>www.anthedesign.fr<\/li>\r\n<\/ul>\r\n\r\n\r\n\r\n<h2 class=\"wp-block-heading\">\u00a0DEVELOPMENT<\/h2>\r\n\r\n\r\n\r\n<ul class=\"wp-block-list\">\r\n<li>Nazmi Aydogdu, pour AntheDesign<\/li>\r\n<li>12 rue du 8 mai 1945, 60350 Attichy (France)<\/li>\r\n<li>T\u00e9l\u00e9phone : +33(0)9 72 21 25 07<\/li>\r\n<li>www.anthedesign.fr<\/li>\r\n<\/ul>\r\n\r\n\r\n\r\n<h2 class=\"wp-block-heading\">\u00a0\u00a0CLAIM<\/h2>\r\n\r\n\r\n\r\n<p>For any complaint regarding the website, you can contact us:<\/p>\r\n\r\n\r\n\r\n<ul class=\"wp-block-list\">\r\n<li>By phone : +33(0)9 70 40 54 79<\/li>\r\n<li>By email :\u00a0<a href=\"mailto:info@healtis.com\">info@healtis.com<\/a><\/li>\r\n<li>By post : CHRU de Nancy Brabois &#8211; H\u00f4pital des Adultes- Sous-sol -1 &#8211; Rue du Morvan 54511 Vand\u0153uvre-l\u00e8s-Nancy Cedex &#8211; France<\/li>\r\n<\/ul>\r\n\r\n\r\n\r\n<h2 class=\"wp-block-heading\">Use of the Site<\/h2>\r\n\r\n\r\n\r\n<p>This Site is owned and operated by HEALTIS S.A.S. for your non-commercial use and information. Use of the Site is subject to the following terms and any applicable law. By accessing and browsing the Site, you accept the following terms without reservation or restriction. In the event of disagreement with any of the terms, please do not use this Site<\/p>\r\n\r\n\r\n\r\n<h3 class=\"wp-block-heading\">Limitation of liability<\/h3>\r\n\r\n\r\n\r\n<p>Under no circumstances may HEALTIS S.A.S. \u00a0be held liable for any direct or indirect damage, regardless of the cause, origin, nature, consequence, resulting from the consultation or use of the site. Your sole and exclusive remedy is to discontinue using and accessing this Site.<\/p>\r\n\r\n\r\n\r\n<h3 class=\"wp-block-heading\">Copyright<\/h3>\r\n\r\n\r\n\r\n<p>All content on this Site, including text, images, drawings, graphics, illustrations and photographs, are the property of HEALTIS S.A.S with the exception of elements belonging to other partner companies or authors.<\/p>\r\n\r\n\r\n\r\n<p>HEALTIS S.A.S. does not represent or warrant that such content does not violate the rights of any other person or entity. All content on this Site is protected under the French Copyright Act, the copyright laws of other countries and international treaties. Any unauthorized use of this Site, including any reproduction, distribution or redistribution, transmission or retransmission, communication to the public by telecommunication, performance, translation, public distribution or downloading is prohibited, unless authorized in writing by HEALTIS S.A.S.<\/p>\r\n\r\n\r\n\r\n<h3 class=\"wp-block-heading\">Brands<\/h3>\r\n\r\n\r\n\r\n<p>The brands \/ logos appearing on this Site, whether registered or not, are the property of HEALTIS SAS, with the exception of brands, logos belonging to partner companies or authors. Any use of these brands \/ logos, in any manner whatsoever, is subject to the written authorization of HEALTIS SAS or of the holder of the intellectual property rights concerned.<\/p>\r\n\r\n\r\n\r\n<h3 class=\"wp-block-heading\">Virus, etc.<\/h3>\r\n\r\n\r\n\r\n<p>HEALTIS S.A.S. \u00a0does not represent or warrant that the information or documents accessible from or through this Site will be uninterrupted or free of errors, defects, viruses or other harmful components, or that such problems, which are discovered, will be corrected.<\/p>\r\n\r\n\r\n\r\n<h3 class=\"wp-block-heading\">Applicable law<\/h3>\r\n\r\n\r\n\r\n<p>The Site is controlled and managed by HEALTIS S.A.S. from Nancy, France, and these conditions are governed by French law, without reference to principles of conflict of laws. You agree to be bound by these laws and to submit to the jurisdiction of France in the interpretation or application of these terms and conditions.<\/p>\r\n\r\n\r\n\r\n<h3 class=\"wp-block-heading\">Duration of application of terms<\/h3>\r\n\r\n\r\n\r\n<p>These terms are applicable upon your access to the Site and remain in effect thereafter. In particular, the provisions set forth in the preceding sections of these terms remain in effect even when the Site is no longer accessible to you.<\/p>\r\n","protected":false},"excerpt":{"rendered":"<p>This Site is subject to international treaties and French legislation on copyright and intellectual property and complies with the provisions of Law No. 2004-575 of 21 June 2004 on Trust in the Digital Economy. OWNERSHIP OF THE WEBSITE WWW.HEALTIS.COM HEALTIS Simplified joint stock company with a capital of 100,000 euros Registered office: CHRU de Nancy [&hellip;]<\/p>\n","protected":false},"author":3,"featured_media":0,"parent":0,"menu_order":0,"comment_status":"closed","ping_status":"closed","template":"","meta":{"_acf_changed":false,"footnotes":""},"class_list":["post-669","page","type-page","status-publish","hentry"],"acf":[],"yoast_head":"<!-- This site is optimized with the Yoast SEO plugin v26.6 - https:\/\/yoast.com\/wordpress\/plugins\/seo\/ -->\n<title>Rechtliche Hinweise - Healtis MRI Safety<\/title>\n<meta name=\"robots\" content=\"index, follow, max-snippet:-1, max-image-preview:large, max-video-preview:-1\" \/>\n<link rel=\"canonical\" href=\"https:\/\/www.healtis.com\/de\/rechtliche-hinweise\/\" \/>\n<meta property=\"og:locale\" content=\"de_DE\" \/>\n<meta property=\"og:type\" content=\"article\" \/>\n<meta property=\"og:title\" content=\"Rechtliche Hinweise - Healtis MRI Safety\" \/>\n<meta property=\"og:description\" content=\"This Site is subject to international treaties and French legislation on copyright and intellectual property and complies with the provisions of Law No. 2004-575 of 21 June 2004 on Trust in the Digital Economy. OWNERSHIP OF THE WEBSITE WWW.HEALTIS.COM HEALTIS Simplified joint stock company with a capital of 100,000 euros Registered office: CHRU de Nancy [&hellip;]\" \/>\n<meta property=\"og:url\" content=\"https:\/\/www.healtis.com\/de\/rechtliche-hinweise\/\" \/>\n<meta property=\"og:site_name\" content=\"Healtis MRI Safety\" \/>\n<meta property=\"article:modified_time\" content=\"2025-05-21T14:20:19+00:00\" \/>\n<meta name=\"twitter:card\" content=\"summary_large_image\" \/>\n<meta name=\"twitter:label1\" content=\"Gesch\u00e4tzte Lesezeit\" \/>\n\t<meta name=\"twitter:data1\" content=\"4\u00a0Minuten\" \/>\n<script type=\"application\/ld+json\" class=\"yoast-schema-graph\">{\"@context\":\"https:\/\/schema.org\",\"@graph\":[{\"@type\":\"WebPage\",\"@id\":\"https:\/\/www.healtis.com\/de\/rechtliche-hinweise\/\",\"url\":\"https:\/\/www.healtis.com\/de\/rechtliche-hinweise\/\",\"name\":\"Rechtliche Hinweise - Healtis MRI Safety\",\"isPartOf\":{\"@id\":\"https:\/\/www.healtis.com\/de\/#website\"},\"datePublished\":\"2021-03-17T09:39:54+00:00\",\"dateModified\":\"2025-05-21T14:20:19+00:00\",\"breadcrumb\":{\"@id\":\"https:\/\/www.healtis.com\/de\/rechtliche-hinweise\/#breadcrumb\"},\"inLanguage\":\"de\",\"potentialAction\":[{\"@type\":\"ReadAction\",\"target\":[\"https:\/\/www.healtis.com\/de\/rechtliche-hinweise\/\"]}]},{\"@type\":\"BreadcrumbList\",\"@id\":\"https:\/\/www.healtis.com\/de\/rechtliche-hinweise\/#breadcrumb\",\"itemListElement\":[{\"@type\":\"ListItem\",\"position\":1,\"name\":\"Accueil\",\"item\":\"https:\/\/www.healtis.com\/de\/\"},{\"@type\":\"ListItem\",\"position\":2,\"name\":\"Rechtliche Hinweise\"}]},{\"@type\":\"WebSite\",\"@id\":\"https:\/\/www.healtis.com\/de\/#website\",\"url\":\"https:\/\/www.healtis.com\/de\/\",\"name\":\"Healtis MRI Safety\",\"description\":\"Where MRI meets safety\",\"potentialAction\":[{\"@type\":\"SearchAction\",\"target\":{\"@type\":\"EntryPoint\",\"urlTemplate\":\"https:\/\/www.healtis.com\/de\/?s={search_term_string}\"},\"query-input\":{\"@type\":\"PropertyValueSpecification\",\"valueRequired\":true,\"valueName\":\"search_term_string\"}}],\"inLanguage\":\"de\"}]}<\/script>\n<!-- \/ Yoast SEO plugin. -->","yoast_head_json":{"title":"Rechtliche Hinweise - Healtis MRI Safety","robots":{"index":"index","follow":"follow","max-snippet":"max-snippet:-1","max-image-preview":"max-image-preview:large","max-video-preview":"max-video-preview:-1"},"canonical":"https:\/\/www.healtis.com\/de\/rechtliche-hinweise\/","og_locale":"de_DE","og_type":"article","og_title":"Rechtliche Hinweise - Healtis MRI Safety","og_description":"This Site is subject to international treaties and French legislation on copyright and intellectual property and complies with the provisions of Law No. 2004-575 of 21 June 2004 on Trust in the Digital Economy. OWNERSHIP OF THE WEBSITE WWW.HEALTIS.COM HEALTIS Simplified joint stock company with a capital of 100,000 euros Registered office: CHRU de Nancy [&hellip;]","og_url":"https:\/\/www.healtis.com\/de\/rechtliche-hinweise\/","og_site_name":"Healtis MRI Safety","article_modified_time":"2025-05-21T14:20:19+00:00","twitter_card":"summary_large_image","twitter_misc":{"Gesch\u00e4tzte Lesezeit":"4\u00a0Minuten"},"schema":{"@context":"https:\/\/schema.org","@graph":[{"@type":"WebPage","@id":"https:\/\/www.healtis.com\/de\/rechtliche-hinweise\/","url":"https:\/\/www.healtis.com\/de\/rechtliche-hinweise\/","name":"Rechtliche Hinweise - Healtis MRI Safety","isPartOf":{"@id":"https:\/\/www.healtis.com\/de\/#website"},"datePublished":"2021-03-17T09:39:54+00:00","dateModified":"2025-05-21T14:20:19+00:00","breadcrumb":{"@id":"https:\/\/www.healtis.com\/de\/rechtliche-hinweise\/#breadcrumb"},"inLanguage":"de","potentialAction":[{"@type":"ReadAction","target":["https:\/\/www.healtis.com\/de\/rechtliche-hinweise\/"]}]},{"@type":"BreadcrumbList","@id":"https:\/\/www.healtis.com\/de\/rechtliche-hinweise\/#breadcrumb","itemListElement":[{"@type":"ListItem","position":1,"name":"Accueil","item":"https:\/\/www.healtis.com\/de\/"},{"@type":"ListItem","position":2,"name":"Rechtliche Hinweise"}]},{"@type":"WebSite","@id":"https:\/\/www.healtis.com\/de\/#website","url":"https:\/\/www.healtis.com\/de\/","name":"Healtis MRI Safety","description":"Where MRI meets safety","potentialAction":[{"@type":"SearchAction","target":{"@type":"EntryPoint","urlTemplate":"https:\/\/www.healtis.com\/de\/?s={search_term_string}"},"query-input":{"@type":"PropertyValueSpecification","valueRequired":true,"valueName":"search_term_string"}}],"inLanguage":"de"}]}},"_links":{"self":[{"href":"https:\/\/www.healtis.com\/de\/wp-json\/wp\/v2\/pages\/669","targetHints":{"allow":["GET"]}}],"collection":[{"href":"https:\/\/www.healtis.com\/de\/wp-json\/wp\/v2\/pages"}],"about":[{"href":"https:\/\/www.healtis.com\/de\/wp-json\/wp\/v2\/types\/page"}],"author":[{"embeddable":true,"href":"https:\/\/www.healtis.com\/de\/wp-json\/wp\/v2\/users\/3"}],"replies":[{"embeddable":true,"href":"https:\/\/www.healtis.com\/de\/wp-json\/wp\/v2\/comments?post=669"}],"version-history":[{"count":4,"href":"https:\/\/www.healtis.com\/de\/wp-json\/wp\/v2\/pages\/669\/revisions"}],"predecessor-version":[{"id":16591,"href":"https:\/\/www.healtis.com\/de\/wp-json\/wp\/v2\/pages\/669\/revisions\/16591"}],"wp:attachment":[{"href":"https:\/\/www.healtis.com\/de\/wp-json\/wp\/v2\/media?parent=669"}],"curies":[{"name":"wp","href":"https:\/\/api.w.org\/{rel}","templated":true}]}}