{"id":678,"date":"2021-03-17T10:46:48","date_gmt":"2021-03-17T09:46:48","guid":{"rendered":"https:\/\/www.healtis.com\/?page_id=678"},"modified":"2025-02-28T14:24:53","modified_gmt":"2025-02-28T13:24:53","slug":"ueber-uns","status":"publish","type":"page","link":"https:\/\/www.healtis.com\/de\/unternehmen\/ueber-uns\/","title":{"rendered":"\u00dcber uns"},"content":{"rendered":"\r\n<h1><strong>Healtis: Experten f\u00fcr Kompatibilit\u00e4t und Sicherheit von Medizinprodukten in der MRT<\/strong><\/h1>\r\n<p>HEALTIS wurde 2012 durch die Verbindung von drei komplement\u00e4ren Fachleuten &#8211; Yannick Ponvianne, C\u00e9dric Pasquier und Jacques Felblinger &#8211; gegr\u00fcndet und ist ein Testlabor, das auf die Bewertung der Kompatibilit\u00e4t und Sicherheit von Medizinprodukten in MRT-Umgebungen spezialisiert ist.<\/p>\r\n<p>HEALTIS ist aus den Forschungslabors IADI INSERM U947 und CIC-IT INSERM CIT801 hervorgegangen, die sich seit \u00fcber 20 Jahren mit der Entwicklung von Instrumenten f\u00fcr die MRT-Umgebung besch\u00e4ftigen, und verf\u00fcgt \u00fcber wissenschaftliche und technische Expertise in diesem Bereich. Seit seiner Gr\u00fcndung hat sich HEALTIS so strukturiert, dass es den Bed\u00fcrfnissen der Hersteller von Medizinprodukten gerecht wird, indem es ihnen qualitativ hochwertige und angepasste L\u00f6sungen anbietet.<\/p>\r\n<h3>Eine Verpflichtung zur Qualit\u00e4t im Dienste unserer Kunden<\/h3>\r\n<p>HEALTIS ist bestrebt, Dienstleistungen von h\u00f6chster Qualit\u00e4t anzubieten. Dies geschieht durch streng ausgew\u00e4hlte Ger\u00e4te, ein hochqualifiziertes und erfahrenes Team und ein bew\u00e4hrtes Managementsystem, das auf kontinuierlicher Verbesserung beruht.<\/p>\r\n<h3>Unsere Dienstleistungen f\u00fcr sichere Medizinprodukte in der MRT<\/h3>\r\n<p>HEALTIS bietet Herstellern von Medizinprodukten umfassende Unterst\u00fctzung bei der Qualifizierung und Verbesserung ihrer Sicherheit in MRT-Umgebungen. Unsere Dienstleistungen umfassen:<\/p>\r\n<ul>\r\n<li><a href=\"https:\/\/www.healtis.com\/de\/prestation\/mrt-sicherheits-und-kompatibilitaetspruefungen\/\">Durchf\u00fchrung von Tests unter Akkreditierung nach ISO 17025*<\/a>, um die Sicherheit von Ger\u00e4ten in MRT-Umgebungen zu bewerten.<\/li>\r\n<li>Interpretation der Ergebnisse und Unterst\u00fctzung bei der Kennzeichnung der Ger\u00e4te, gem\u00e4\u00df ASTM F2503*.<\/li>\r\n<li><a href=\"https:\/\/www.healtis.com\/de\/prestation\/numerische-modellierung\/\">Numerische Modellierung<\/a>: Risikovorhersage und Identifizierung der kritischsten F\u00e4lle (worst cases).<\/li>\r\n<li><a href=\"https:\/\/www.healtis.com\/de\/prestation\/technische-und-regulatorische-expertise\/\">Technische und regulatorische Unterst\u00fctzung<\/a>: Definition relevanter Bewertungsstrategien und Begr\u00fcndung von Worst Cases.<\/li>\r\n<li><a href=\"https:\/\/www.healtis.com\/de\/prestation\/unterstuetzung-im-bereich-fe\/\">Unterst\u00fctzung bei der Entwicklung von MRT-kompatiblen Ger\u00e4ten.<\/a><\/li>\r\n<li><a href=\"https:\/\/www.healtis.com\/de\/prestation\/schulung\/\">Spezialisierte Schulungen zur Sicherheit von Medizinprodukten in der MRT<\/a>, die auf die Teams f\u00fcr Forschung und Entwicklung sowie f\u00fcr regulatorische Angelegenheiten zugeschnitten sind.<\/li>\r\n<\/ul>\r\n<p>* HEALTIS ist von der COFRAC nach der Norm NF EN ISO\/IEC 17025 akkreditiert (Akkreditierung Nr. 1-6320, Umfang verf\u00fcgbar unter <a href=\"http:\/\/www.cofrac.fr\">www.cofrac.fr<\/a>).<\/p>\r\n<h3>Forschung und Entwicklung: Innovationen f\u00fcr die Sicherheit in der MRT<\/h3>\r\n<p>In einem Bereich, in dem sich die wissenschaftlichen Erkenntnisse und der gesetzliche Rahmen in rasantem Tempo weiterentwickeln, spielt HEALTIS eine aktive Rolle bei diesen Fortschritten. Mit seinen innovativen Forschungs- und Entwicklungsprogrammen, die intern und in Zusammenarbeit mit franz\u00f6sischen Forschungslabors durchgef\u00fchrt werden, tr\u00e4gt HEALTIS dazu bei, die Grenzen der Risikobewertung in der MRT-Umgebung zu erweitern. Unser Expertenteam ist in allen normativen Gruppen der Branche engagiert und arbeitet unerm\u00fcdlich daran, bestehende L\u00f6sungen zu optimieren und neue Ans\u00e4tze zu entwickeln, die den Herausforderungen von Medizinprodukten in MRT-Umgebungen gerecht werden.<\/p>\r\n<h3>Werden Sie Teil eines Teams aus leidenschaftlichen Experten<\/h3>\r\n<p>HEALTIS w\u00e4chst schnell und ist st\u00e4ndig auf der Suche nach neuen Talenten. Sehen Sie sich unsere M\u00f6glichkeiten an und beteiligen Sie sich an der Innovation im Bereich der MRT-Sicherheit.<\/p>\r\n<div class=\"wp-block-columns reduire xcenter\">\r\n\r\n\r\n<div class=\"wp-block-column is-layout-flow wp-block-column-is-layout-flow\">\u00a0<\/div>\r\n<\/div>\r\n<!-- \/wp:post-content -->","protected":false},"excerpt":{"rendered":"<p>Healtis: Experten f\u00fcr Kompatibilit\u00e4t und Sicherheit von Medizinprodukten in der MRT HEALTIS wurde 2012 durch die Verbindung von drei komplement\u00e4ren Fachleuten &#8211; Yannick Ponvianne, C\u00e9dric Pasquier und Jacques Felblinger &#8211; gegr\u00fcndet und ist ein Testlabor, das auf die Bewertung der Kompatibilit\u00e4t und Sicherheit von Medizinprodukten in MRT-Umgebungen spezialisiert ist. HEALTIS ist aus den Forschungslabors IADI [&hellip;]<\/p>\n","protected":false},"author":3,"featured_media":685,"parent":630,"menu_order":0,"comment_status":"closed","ping_status":"closed","template":"","meta":{"_acf_changed":false,"footnotes":""},"class_list":["post-678","page","type-page","status-publish","has-post-thumbnail","hentry"],"acf":[],"yoast_head":"<!-- This site is optimized with the Yoast SEO plugin v26.6 - https:\/\/yoast.com\/wordpress\/plugins\/seo\/ -->\n<title>\u00dcber uns - Healtis MRI Safety<\/title>\n<meta name=\"robots\" content=\"index, follow, max-snippet:-1, max-image-preview:large, max-video-preview:-1\" \/>\n<link rel=\"canonical\" href=\"https:\/\/www.healtis.com\/de\/unternehmen\/ueber-uns\/\" \/>\n<meta property=\"og:locale\" content=\"de_DE\" \/>\n<meta property=\"og:type\" content=\"article\" \/>\n<meta property=\"og:title\" content=\"\u00dcber uns - Healtis MRI Safety\" \/>\n<meta property=\"og:description\" content=\"Healtis: Experten f\u00fcr Kompatibilit\u00e4t und Sicherheit von Medizinprodukten in der MRT HEALTIS wurde 2012 durch die Verbindung von drei komplement\u00e4ren Fachleuten &#8211; Yannick Ponvianne, C\u00e9dric Pasquier und Jacques Felblinger &#8211; gegr\u00fcndet und ist ein Testlabor, das auf die Bewertung der Kompatibilit\u00e4t und Sicherheit von Medizinprodukten in MRT-Umgebungen spezialisiert ist. HEALTIS ist aus den Forschungslabors IADI [&hellip;]\" \/>\n<meta property=\"og:url\" content=\"https:\/\/www.healtis.com\/de\/unternehmen\/ueber-uns\/\" \/>\n<meta property=\"og:site_name\" content=\"Healtis MRI Safety\" \/>\n<meta property=\"article:modified_time\" content=\"2025-02-28T13:24:53+00:00\" \/>\n<meta property=\"og:image\" content=\"https:\/\/www.healtis.com\/w2020\/wp-content\/uploads\/2019\/11\/DSC2638-2.jpg\" \/>\n\t<meta property=\"og:image:width\" content=\"1920\" \/>\n\t<meta property=\"og:image:height\" content=\"1281\" \/>\n\t<meta property=\"og:image:type\" content=\"image\/jpeg\" \/>\n<meta name=\"twitter:card\" content=\"summary_large_image\" \/>\n<meta name=\"twitter:label1\" content=\"Gesch\u00e4tzte Lesezeit\" \/>\n\t<meta name=\"twitter:data1\" content=\"3\u00a0Minuten\" \/>\n<script type=\"application\/ld+json\" class=\"yoast-schema-graph\">{\"@context\":\"https:\/\/schema.org\",\"@graph\":[{\"@type\":\"WebPage\",\"@id\":\"https:\/\/www.healtis.com\/de\/unternehmen\/ueber-uns\/\",\"url\":\"https:\/\/www.healtis.com\/de\/unternehmen\/ueber-uns\/\",\"name\":\"\u00dcber uns - Healtis MRI Safety\",\"isPartOf\":{\"@id\":\"https:\/\/www.healtis.com\/de\/#website\"},\"primaryImageOfPage\":{\"@id\":\"https:\/\/www.healtis.com\/de\/unternehmen\/ueber-uns\/#primaryimage\"},\"image\":{\"@id\":\"https:\/\/www.healtis.com\/de\/unternehmen\/ueber-uns\/#primaryimage\"},\"thumbnailUrl\":\"https:\/\/www.healtis.com\/w2020\/wp-content\/uploads\/2019\/11\/DSC2638-2.jpg\",\"datePublished\":\"2021-03-17T09:46:48+00:00\",\"dateModified\":\"2025-02-28T13:24:53+00:00\",\"breadcrumb\":{\"@id\":\"https:\/\/www.healtis.com\/de\/unternehmen\/ueber-uns\/#breadcrumb\"},\"inLanguage\":\"de\",\"potentialAction\":[{\"@type\":\"ReadAction\",\"target\":[\"https:\/\/www.healtis.com\/de\/unternehmen\/ueber-uns\/\"]}]},{\"@type\":\"ImageObject\",\"inLanguage\":\"de\",\"@id\":\"https:\/\/www.healtis.com\/de\/unternehmen\/ueber-uns\/#primaryimage\",\"url\":\"https:\/\/www.healtis.com\/w2020\/wp-content\/uploads\/2019\/11\/DSC2638-2.jpg\",\"contentUrl\":\"https:\/\/www.healtis.com\/w2020\/wp-content\/uploads\/2019\/11\/DSC2638-2.jpg\",\"width\":1920,\"height\":1281},{\"@type\":\"BreadcrumbList\",\"@id\":\"https:\/\/www.healtis.com\/de\/unternehmen\/ueber-uns\/#breadcrumb\",\"itemListElement\":[{\"@type\":\"ListItem\",\"position\":1,\"name\":\"Accueil\",\"item\":\"https:\/\/www.healtis.com\/de\/\"},{\"@type\":\"ListItem\",\"position\":2,\"name\":\"Unternehmen\",\"item\":\"https:\/\/www.healtis.com\/de\/unternehmen\/\"},{\"@type\":\"ListItem\",\"position\":3,\"name\":\"\u00dcber uns\"}]},{\"@type\":\"WebSite\",\"@id\":\"https:\/\/www.healtis.com\/de\/#website\",\"url\":\"https:\/\/www.healtis.com\/de\/\",\"name\":\"Healtis MRI Safety\",\"description\":\"Where MRI meets safety\",\"potentialAction\":[{\"@type\":\"SearchAction\",\"target\":{\"@type\":\"EntryPoint\",\"urlTemplate\":\"https:\/\/www.healtis.com\/de\/?s={search_term_string}\"},\"query-input\":{\"@type\":\"PropertyValueSpecification\",\"valueRequired\":true,\"valueName\":\"search_term_string\"}}],\"inLanguage\":\"de\"}]}<\/script>\n<!-- \/ Yoast SEO plugin. -->","yoast_head_json":{"title":"\u00dcber uns - Healtis MRI Safety","robots":{"index":"index","follow":"follow","max-snippet":"max-snippet:-1","max-image-preview":"max-image-preview:large","max-video-preview":"max-video-preview:-1"},"canonical":"https:\/\/www.healtis.com\/de\/unternehmen\/ueber-uns\/","og_locale":"de_DE","og_type":"article","og_title":"\u00dcber uns - Healtis MRI Safety","og_description":"Healtis: Experten f\u00fcr Kompatibilit\u00e4t und Sicherheit von Medizinprodukten in der MRT HEALTIS wurde 2012 durch die Verbindung von drei komplement\u00e4ren Fachleuten &#8211; Yannick Ponvianne, C\u00e9dric Pasquier und Jacques Felblinger &#8211; gegr\u00fcndet und ist ein Testlabor, das auf die Bewertung der Kompatibilit\u00e4t und Sicherheit von Medizinprodukten in MRT-Umgebungen spezialisiert ist. HEALTIS ist aus den Forschungslabors IADI [&hellip;]","og_url":"https:\/\/www.healtis.com\/de\/unternehmen\/ueber-uns\/","og_site_name":"Healtis MRI Safety","article_modified_time":"2025-02-28T13:24:53+00:00","og_image":[{"width":1920,"height":1281,"url":"https:\/\/www.healtis.com\/w2020\/wp-content\/uploads\/2019\/11\/DSC2638-2.jpg","type":"image\/jpeg"}],"twitter_card":"summary_large_image","twitter_misc":{"Gesch\u00e4tzte Lesezeit":"3\u00a0Minuten"},"schema":{"@context":"https:\/\/schema.org","@graph":[{"@type":"WebPage","@id":"https:\/\/www.healtis.com\/de\/unternehmen\/ueber-uns\/","url":"https:\/\/www.healtis.com\/de\/unternehmen\/ueber-uns\/","name":"\u00dcber uns - Healtis MRI Safety","isPartOf":{"@id":"https:\/\/www.healtis.com\/de\/#website"},"primaryImageOfPage":{"@id":"https:\/\/www.healtis.com\/de\/unternehmen\/ueber-uns\/#primaryimage"},"image":{"@id":"https:\/\/www.healtis.com\/de\/unternehmen\/ueber-uns\/#primaryimage"},"thumbnailUrl":"https:\/\/www.healtis.com\/w2020\/wp-content\/uploads\/2019\/11\/DSC2638-2.jpg","datePublished":"2021-03-17T09:46:48+00:00","dateModified":"2025-02-28T13:24:53+00:00","breadcrumb":{"@id":"https:\/\/www.healtis.com\/de\/unternehmen\/ueber-uns\/#breadcrumb"},"inLanguage":"de","potentialAction":[{"@type":"ReadAction","target":["https:\/\/www.healtis.com\/de\/unternehmen\/ueber-uns\/"]}]},{"@type":"ImageObject","inLanguage":"de","@id":"https:\/\/www.healtis.com\/de\/unternehmen\/ueber-uns\/#primaryimage","url":"https:\/\/www.healtis.com\/w2020\/wp-content\/uploads\/2019\/11\/DSC2638-2.jpg","contentUrl":"https:\/\/www.healtis.com\/w2020\/wp-content\/uploads\/2019\/11\/DSC2638-2.jpg","width":1920,"height":1281},{"@type":"BreadcrumbList","@id":"https:\/\/www.healtis.com\/de\/unternehmen\/ueber-uns\/#breadcrumb","itemListElement":[{"@type":"ListItem","position":1,"name":"Accueil","item":"https:\/\/www.healtis.com\/de\/"},{"@type":"ListItem","position":2,"name":"Unternehmen","item":"https:\/\/www.healtis.com\/de\/unternehmen\/"},{"@type":"ListItem","position":3,"name":"\u00dcber uns"}]},{"@type":"WebSite","@id":"https:\/\/www.healtis.com\/de\/#website","url":"https:\/\/www.healtis.com\/de\/","name":"Healtis MRI Safety","description":"Where MRI meets safety","potentialAction":[{"@type":"SearchAction","target":{"@type":"EntryPoint","urlTemplate":"https:\/\/www.healtis.com\/de\/?s={search_term_string}"},"query-input":{"@type":"PropertyValueSpecification","valueRequired":true,"valueName":"search_term_string"}}],"inLanguage":"de"}]}},"_links":{"self":[{"href":"https:\/\/www.healtis.com\/de\/wp-json\/wp\/v2\/pages\/678","targetHints":{"allow":["GET"]}}],"collection":[{"href":"https:\/\/www.healtis.com\/de\/wp-json\/wp\/v2\/pages"}],"about":[{"href":"https:\/\/www.healtis.com\/de\/wp-json\/wp\/v2\/types\/page"}],"author":[{"embeddable":true,"href":"https:\/\/www.healtis.com\/de\/wp-json\/wp\/v2\/users\/3"}],"replies":[{"embeddable":true,"href":"https:\/\/www.healtis.com\/de\/wp-json\/wp\/v2\/comments?post=678"}],"version-history":[{"count":8,"href":"https:\/\/www.healtis.com\/de\/wp-json\/wp\/v2\/pages\/678\/revisions"}],"predecessor-version":[{"id":15952,"href":"https:\/\/www.healtis.com\/de\/wp-json\/wp\/v2\/pages\/678\/revisions\/15952"}],"up":[{"embeddable":true,"href":"https:\/\/www.healtis.com\/de\/wp-json\/wp\/v2\/pages\/630"}],"wp:featuredmedia":[{"embeddable":true,"href":"https:\/\/www.healtis.com\/de\/wp-json\/wp\/v2\/media\/685"}],"wp:attachment":[{"href":"https:\/\/www.healtis.com\/de\/wp-json\/wp\/v2\/media?parent=678"}],"curies":[{"name":"wp","href":"https:\/\/api.w.org\/{rel}","templated":true}]}}