{"id":689,"date":"2021-03-17T10:47:32","date_gmt":"2021-03-17T09:47:32","guid":{"rendered":"https:\/\/www.healtis.com\/?page_id=689"},"modified":"2024-11-18T10:39:21","modified_gmt":"2024-11-18T09:39:21","slug":"unser-qualitaetsversprechen","status":"publish","type":"page","link":"https:\/\/www.healtis.com\/de\/unternehmen\/unser-qualitaetsversprechen\/","title":{"rendered":"Unser Qualit\u00e4tsversprechen"},"content":{"rendered":"\r\n<h3 class=\"wp-block-heading\"><strong><strong>Qualit\u00e4tsversprechen und Werte<\/strong><\/strong><\/h3>\r\n\r\n\r\n\r\n<div class=\"pictos flex flex-center flex-lr flex-800\"><div class=\"pictoelem pd2 pdb0\"><div class=\"picto\"><img decoding=\"async\" src=\"https:\/\/www.healtis.com\/w2020\/wp-content\/uploads\/2019\/10\/1.png\"><\/div><div class=\"pictolabel tac\">Qualit\u00e4t<\/div><\/div><div class=\"pictoelem pd2 pdb0\"><div class=\"picto\"><img decoding=\"async\" src=\"https:\/\/www.healtis.com\/w2020\/wp-content\/uploads\/2019\/12\/2.png\"><\/div><div class=\"pictolabel tac\">Kunden<\/div><\/div><div class=\"pictoelem pd2 pdb0\"><div class=\"picto\"><img decoding=\"async\" src=\"https:\/\/www.healtis.com\/w2020\/wp-content\/uploads\/2019\/12\/3.png\"><\/div><div class=\"pictolabel tac\">Vertrauen<\/div><\/div><div class=\"pictoelem pd2 pdb0\"><div class=\"picto\"><img decoding=\"async\" src=\"https:\/\/www.healtis.com\/w2020\/wp-content\/uploads\/2019\/12\/4.png\"><\/div><div class=\"pictolabel tac\">Innovation<\/div><\/div><div class=\"pictoelem pd2 pdb0\"><div class=\"picto\"><img decoding=\"async\" src=\"https:\/\/www.healtis.com\/w2020\/wp-content\/uploads\/2019\/12\/5.png\"><\/div><div class=\"pictolabel tac\">Zusammenarbeit<\/div><\/div><\/div>\r\n\r\n\r\n\r\n<h3 class=\"wp-block-heading\"><strong><strong>Qualit\u00e4tsrichtlinie \u2013 Akkreditierungen<\/strong><\/strong><\/h3>\r\n\r\n\r\n\r\n<p>HEALTIS wurde durch die franz\u00f6sische Akkreditierungsstelle COFRAC nach der Norm NF EN ISO\/CEI 17025 akkreditiert (Akkreditierungsnummer 1-6320). \u00a0Der Geltungsbereich kann unter\u00a0<a href=\"https:\/\/www.cofrac.fr\/\" target=\"_blank\" rel=\"noreferrer noopener\">www.cofrac.fr<\/a> eingesehen werden.<\/p>\r\n\r\n\r\n\r\n<figure class=\"wp-block-image\"><img decoding=\"async\" class=\"wp-image-409 aligncenter\" src=\"https:\/\/www.healtis.com\/w2020\/wp-content\/uploads\/2020\/03\/logo2-healtis.jpg\" alt=\"\" width=\"461\" height=\"110\" srcset=\"https:\/\/www.healtis.com\/w2020\/wp-content\/uploads\/2020\/03\/logo2-healtis.jpg 889w, https:\/\/www.healtis.com\/w2020\/wp-content\/uploads\/2020\/03\/logo2-healtis-600x143.jpg 600w, https:\/\/www.healtis.com\/w2020\/wp-content\/uploads\/2020\/03\/logo2-healtis-768x183.jpg 768w\" sizes=\"(max-width: 461px) 100vw, 461px\" \/><\/figure>\r\n<p>zum Herunterladen unserer Bescheinigung: <a href=\"https:\/\/www.healtis.com\/w2020\/wp-content\/uploads\/2024\/02\/Attes_AccreditationCOFRAC_1-6320-Rev08_230113.pdf\">hier klicken<\/a><\/p>\r\n\r\n\r\n\r\n\r\n\r\n<p>Im Rahmen unserer Qualit\u00e4tsrichtlinie sind alle Mitarbeiter dazu verpflichtet, unsere internen Bestimmungen einzuhalten und an deren Verbesserung mitzuwirken.\u00a0 So soll die Zuverl\u00e4ssigkeit und Nachverfolgbarkeit der Informationen gew\u00e4hrleistet werden, die wir unseren Kunden zur Verf\u00fcgung stellen.<\/p>\r\n\r\n\r\n\r\n<p>Unser Unternehmen verpflichtet sich, sich st\u00e4ndig zu verbessern und sein Angebot dementsprechend anzupassen. So k\u00f6nnen aktuelle Marktgegebenheiten, Weiterentwicklungen unseres Fachgebiets, die Nachfrage seitens unserer Kunden sowie von unserem Team festgestellte Risiken und Chancen ber\u00fccksichtigt werden.<\/p>\r\n\r\n\r\n\r\n<p>HEALTIS ist in der Lage, folgende Punkte nachhaltig zu gew\u00e4hrleisten:<\/p>\r\n\r\n\r\n\r\n<ul class=\"wp-block-list\">\r\n<li>Objektivit\u00e4t sowie Vertraulichkeit und Sicherheit der Kundendaten<\/li>\r\n<li>Beherrschung unserer Pr\u00fcfeinrichtungen: Ger\u00e4te, Kompetenzen und Verfahren<\/li>\r\n<li>\u00dcberwachung s\u00e4mtlicher Prozesse: interne Audits, Bewertungen der Validit\u00e4t und Stabilit\u00e4t der Pr\u00fcfmethoden, Management-Reviews<\/li>\r\n<li>Kontinuierliche Beobachtung der wissenschaftlichen, regulatorischen und normativen Entwicklungen: wir nehmen an allen normgebenden Gruppen unseres Fachgebiets teil<\/li>\r\n<li>Kenntnis der zu pr\u00fcfenden Objekte, die uns unsere Kunden anvertrauen<\/li>\r\n<\/ul>\r\n\r\n\r\n\r\n<p>Wir erfassen und bearbeiten jede Kundennachricht, einschlie\u00dflich m\u00f6glicher Beschwerden, die uns erreicht. Auf Anfrage an\u00a0<a href=\"mailto:qa@healtis.com\">qa@healtis.com<\/a> senden wir Ihnen Informationen zu unserem Beschwerdeverfahren.<\/p>\r\n\r\n\r\n\r\n<div class=\"wp-block-columns is-layout-flex wp-container-core-columns-is-layout-9d6595d7 wp-block-columns-is-layout-flex\">\r\n<div class=\"wp-block-column is-layout-flow wp-block-column-is-layout-flow\" style=\"flex-basis: 33.33%;\">\r\n<figure class=\"wp-block-image size-large\"><img decoding=\"async\" width=\"480\" height=\"600\" class=\"wp-image-374\" src=\"https:\/\/www.healtis.com\/w2020\/wp-content\/uploads\/2020\/01\/PhotoYannickPOnvianne-480x600.jpg\" alt=\"\" srcset=\"https:\/\/www.healtis.com\/w2020\/wp-content\/uploads\/2020\/01\/PhotoYannickPOnvianne-480x600.jpg 480w, https:\/\/www.healtis.com\/w2020\/wp-content\/uploads\/2020\/01\/PhotoYannickPOnvianne-280x350.jpg 280w, https:\/\/www.healtis.com\/w2020\/wp-content\/uploads\/2020\/01\/PhotoYannickPOnvianne-768x960.jpg 768w, https:\/\/www.healtis.com\/w2020\/wp-content\/uploads\/2020\/01\/PhotoYannickPOnvianne-1229x1536.jpg 1229w, https:\/\/www.healtis.com\/w2020\/wp-content\/uploads\/2020\/01\/PhotoYannickPOnvianne-1638x2048.jpg 1638w, https:\/\/www.healtis.com\/w2020\/wp-content\/uploads\/2020\/01\/PhotoYannickPOnvianne-scaled.jpg 2048w\" sizes=\"(max-width: 480px) 100vw, 480px\" \/><\/figure>\r\n<\/div>\r\n\r\n\r\n\r\n<div class=\"wp-block-column is-layout-flow wp-block-column-is-layout-flow\" style=\"flex-basis: 66.66%;\">\r\n<blockquote class=\"wp-block-quote is-layout-flow wp-block-quote-is-layout-flow\">\r\n<p><em>\u00ab\u00a0<em>HEALTIS erf\u00fcllt die strengsten Anforderungen von Herstellern medizinischer Ger\u00e4te und Produkte. Die Grundsteine unseres Qualit\u00e4tssystems wurden schon bei Gr\u00fcndung von HEALTIS gelegt und basieren auf der Norm ISO17025. Unser Ziel ist es, die wissenschaftliche Kompetenz, die in unserem Gesch\u00e4ftsfeld erforderlich ist, mit einer herausragenden Servicequalit\u00e4t zu kombinieren.<\/em><\/em> <em>\u00bb<\/em>.<\/p>\r\n<cite>Yannick Ponvianne, CEO und Qualit\u00e4tsmanager.<\/cite><\/blockquote>\r\n<\/div>\r\n<\/div>\r\n","protected":false},"excerpt":{"rendered":"<p>Qualit\u00e4tsversprechen und Werte Qualit\u00e4tsrichtlinie \u2013 Akkreditierungen HEALTIS wurde durch die franz\u00f6sische Akkreditierungsstelle COFRAC nach der Norm NF EN ISO\/CEI 17025 akkreditiert (Akkreditierungsnummer 1-6320). \u00a0Der Geltungsbereich kann unter\u00a0www.cofrac.fr eingesehen werden. Im Rahmen unserer Qualit\u00e4tsrichtlinie sind alle Mitarbeiter dazu verpflichtet, unsere internen Bestimmungen einzuhalten und an deren Verbesserung mitzuwirken.\u00a0 So soll die Zuverl\u00e4ssigkeit und Nachverfolgbarkeit der Informationen [&hellip;]<\/p>\n","protected":false},"author":3,"featured_media":691,"parent":630,"menu_order":0,"comment_status":"closed","ping_status":"closed","template":"","meta":{"_acf_changed":false,"footnotes":""},"class_list":["post-689","page","type-page","status-publish","has-post-thumbnail","hentry"],"acf":[],"yoast_head":"<!-- This site is optimized with the Yoast SEO plugin v26.6 - https:\/\/yoast.com\/wordpress\/plugins\/seo\/ -->\n<title>HEALTIS | Qualit\u00e4tsverpflichtungen, Zertifizierungen und Akkreditierungen<\/title>\n<meta name=\"description\" content=\"Entdecken Sie das Engagement von Healtis f\u00fcr akkreditierte Qualit\u00e4tsdienstleistungen und Kundenzufriedenheit.\" \/>\n<meta name=\"robots\" content=\"index, follow, max-snippet:-1, max-image-preview:large, max-video-preview:-1\" \/>\n<link rel=\"canonical\" href=\"https:\/\/www.healtis.com\/de\/unternehmen\/unser-qualitaetsversprechen\/\" \/>\n<meta property=\"og:locale\" content=\"de_DE\" \/>\n<meta property=\"og:type\" content=\"article\" \/>\n<meta property=\"og:title\" content=\"HEALTIS | Qualit\u00e4tsverpflichtungen, Zertifizierungen und Akkreditierungen\" \/>\n<meta property=\"og:description\" content=\"Entdecken Sie das Engagement von Healtis f\u00fcr akkreditierte Qualit\u00e4tsdienstleistungen und Kundenzufriedenheit.\" \/>\n<meta property=\"og:url\" content=\"https:\/\/www.healtis.com\/de\/unternehmen\/unser-qualitaetsversprechen\/\" \/>\n<meta property=\"og:site_name\" content=\"Healtis MRI Safety\" \/>\n<meta property=\"article:modified_time\" content=\"2024-11-18T09:39:21+00:00\" \/>\n<meta property=\"og:image\" content=\"https:\/\/www.healtis.com\/w2020\/wp-content\/uploads\/2019\/11\/DSC2664.jpg\" \/>\n\t<meta property=\"og:image:width\" content=\"1920\" \/>\n\t<meta property=\"og:image:height\" content=\"1281\" \/>\n\t<meta property=\"og:image:type\" content=\"image\/jpeg\" \/>\n<meta name=\"twitter:card\" content=\"summary_large_image\" \/>\n<meta name=\"twitter:label1\" content=\"Gesch\u00e4tzte Lesezeit\" \/>\n\t<meta name=\"twitter:data1\" content=\"2\u00a0Minuten\" \/>\n<script type=\"application\/ld+json\" class=\"yoast-schema-graph\">{\"@context\":\"https:\/\/schema.org\",\"@graph\":[{\"@type\":\"WebPage\",\"@id\":\"https:\/\/www.healtis.com\/de\/unternehmen\/unser-qualitaetsversprechen\/\",\"url\":\"https:\/\/www.healtis.com\/de\/unternehmen\/unser-qualitaetsversprechen\/\",\"name\":\"HEALTIS | Qualit\u00e4tsverpflichtungen, Zertifizierungen und Akkreditierungen\",\"isPartOf\":{\"@id\":\"https:\/\/www.healtis.com\/de\/#website\"},\"primaryImageOfPage\":{\"@id\":\"https:\/\/www.healtis.com\/de\/unternehmen\/unser-qualitaetsversprechen\/#primaryimage\"},\"image\":{\"@id\":\"https:\/\/www.healtis.com\/de\/unternehmen\/unser-qualitaetsversprechen\/#primaryimage\"},\"thumbnailUrl\":\"https:\/\/www.healtis.com\/w2020\/wp-content\/uploads\/2019\/11\/DSC2664.jpg\",\"datePublished\":\"2021-03-17T09:47:32+00:00\",\"dateModified\":\"2024-11-18T09:39:21+00:00\",\"description\":\"Entdecken Sie das Engagement von Healtis f\u00fcr akkreditierte Qualit\u00e4tsdienstleistungen und Kundenzufriedenheit.\",\"breadcrumb\":{\"@id\":\"https:\/\/www.healtis.com\/de\/unternehmen\/unser-qualitaetsversprechen\/#breadcrumb\"},\"inLanguage\":\"de\",\"potentialAction\":[{\"@type\":\"ReadAction\",\"target\":[\"https:\/\/www.healtis.com\/de\/unternehmen\/unser-qualitaetsversprechen\/\"]}]},{\"@type\":\"ImageObject\",\"inLanguage\":\"de\",\"@id\":\"https:\/\/www.healtis.com\/de\/unternehmen\/unser-qualitaetsversprechen\/#primaryimage\",\"url\":\"https:\/\/www.healtis.com\/w2020\/wp-content\/uploads\/2019\/11\/DSC2664.jpg\",\"contentUrl\":\"https:\/\/www.healtis.com\/w2020\/wp-content\/uploads\/2019\/11\/DSC2664.jpg\",\"width\":1920,\"height\":1281},{\"@type\":\"BreadcrumbList\",\"@id\":\"https:\/\/www.healtis.com\/de\/unternehmen\/unser-qualitaetsversprechen\/#breadcrumb\",\"itemListElement\":[{\"@type\":\"ListItem\",\"position\":1,\"name\":\"Accueil\",\"item\":\"https:\/\/www.healtis.com\/de\/\"},{\"@type\":\"ListItem\",\"position\":2,\"name\":\"Unternehmen\",\"item\":\"https:\/\/www.healtis.com\/de\/unternehmen\/\"},{\"@type\":\"ListItem\",\"position\":3,\"name\":\"Unser Qualit\u00e4tsversprechen\"}]},{\"@type\":\"WebSite\",\"@id\":\"https:\/\/www.healtis.com\/de\/#website\",\"url\":\"https:\/\/www.healtis.com\/de\/\",\"name\":\"Healtis MRI Safety\",\"description\":\"Where MRI meets safety\",\"potentialAction\":[{\"@type\":\"SearchAction\",\"target\":{\"@type\":\"EntryPoint\",\"urlTemplate\":\"https:\/\/www.healtis.com\/de\/?s={search_term_string}\"},\"query-input\":{\"@type\":\"PropertyValueSpecification\",\"valueRequired\":true,\"valueName\":\"search_term_string\"}}],\"inLanguage\":\"de\"}]}<\/script>\n<!-- \/ Yoast SEO plugin. -->","yoast_head_json":{"title":"HEALTIS | Qualit\u00e4tsverpflichtungen, Zertifizierungen und Akkreditierungen","description":"Entdecken Sie das Engagement von Healtis f\u00fcr akkreditierte Qualit\u00e4tsdienstleistungen und Kundenzufriedenheit.","robots":{"index":"index","follow":"follow","max-snippet":"max-snippet:-1","max-image-preview":"max-image-preview:large","max-video-preview":"max-video-preview:-1"},"canonical":"https:\/\/www.healtis.com\/de\/unternehmen\/unser-qualitaetsversprechen\/","og_locale":"de_DE","og_type":"article","og_title":"HEALTIS | Qualit\u00e4tsverpflichtungen, Zertifizierungen und Akkreditierungen","og_description":"Entdecken Sie das Engagement von Healtis f\u00fcr akkreditierte Qualit\u00e4tsdienstleistungen und Kundenzufriedenheit.","og_url":"https:\/\/www.healtis.com\/de\/unternehmen\/unser-qualitaetsversprechen\/","og_site_name":"Healtis MRI Safety","article_modified_time":"2024-11-18T09:39:21+00:00","og_image":[{"width":1920,"height":1281,"url":"https:\/\/www.healtis.com\/w2020\/wp-content\/uploads\/2019\/11\/DSC2664.jpg","type":"image\/jpeg"}],"twitter_card":"summary_large_image","twitter_misc":{"Gesch\u00e4tzte Lesezeit":"2\u00a0Minuten"},"schema":{"@context":"https:\/\/schema.org","@graph":[{"@type":"WebPage","@id":"https:\/\/www.healtis.com\/de\/unternehmen\/unser-qualitaetsversprechen\/","url":"https:\/\/www.healtis.com\/de\/unternehmen\/unser-qualitaetsversprechen\/","name":"HEALTIS | Qualit\u00e4tsverpflichtungen, Zertifizierungen und Akkreditierungen","isPartOf":{"@id":"https:\/\/www.healtis.com\/de\/#website"},"primaryImageOfPage":{"@id":"https:\/\/www.healtis.com\/de\/unternehmen\/unser-qualitaetsversprechen\/#primaryimage"},"image":{"@id":"https:\/\/www.healtis.com\/de\/unternehmen\/unser-qualitaetsversprechen\/#primaryimage"},"thumbnailUrl":"https:\/\/www.healtis.com\/w2020\/wp-content\/uploads\/2019\/11\/DSC2664.jpg","datePublished":"2021-03-17T09:47:32+00:00","dateModified":"2024-11-18T09:39:21+00:00","description":"Entdecken Sie das Engagement von Healtis f\u00fcr akkreditierte Qualit\u00e4tsdienstleistungen und Kundenzufriedenheit.","breadcrumb":{"@id":"https:\/\/www.healtis.com\/de\/unternehmen\/unser-qualitaetsversprechen\/#breadcrumb"},"inLanguage":"de","potentialAction":[{"@type":"ReadAction","target":["https:\/\/www.healtis.com\/de\/unternehmen\/unser-qualitaetsversprechen\/"]}]},{"@type":"ImageObject","inLanguage":"de","@id":"https:\/\/www.healtis.com\/de\/unternehmen\/unser-qualitaetsversprechen\/#primaryimage","url":"https:\/\/www.healtis.com\/w2020\/wp-content\/uploads\/2019\/11\/DSC2664.jpg","contentUrl":"https:\/\/www.healtis.com\/w2020\/wp-content\/uploads\/2019\/11\/DSC2664.jpg","width":1920,"height":1281},{"@type":"BreadcrumbList","@id":"https:\/\/www.healtis.com\/de\/unternehmen\/unser-qualitaetsversprechen\/#breadcrumb","itemListElement":[{"@type":"ListItem","position":1,"name":"Accueil","item":"https:\/\/www.healtis.com\/de\/"},{"@type":"ListItem","position":2,"name":"Unternehmen","item":"https:\/\/www.healtis.com\/de\/unternehmen\/"},{"@type":"ListItem","position":3,"name":"Unser Qualit\u00e4tsversprechen"}]},{"@type":"WebSite","@id":"https:\/\/www.healtis.com\/de\/#website","url":"https:\/\/www.healtis.com\/de\/","name":"Healtis MRI Safety","description":"Where MRI meets safety","potentialAction":[{"@type":"SearchAction","target":{"@type":"EntryPoint","urlTemplate":"https:\/\/www.healtis.com\/de\/?s={search_term_string}"},"query-input":{"@type":"PropertyValueSpecification","valueRequired":true,"valueName":"search_term_string"}}],"inLanguage":"de"}]}},"_links":{"self":[{"href":"https:\/\/www.healtis.com\/de\/wp-json\/wp\/v2\/pages\/689","targetHints":{"allow":["GET"]}}],"collection":[{"href":"https:\/\/www.healtis.com\/de\/wp-json\/wp\/v2\/pages"}],"about":[{"href":"https:\/\/www.healtis.com\/de\/wp-json\/wp\/v2\/types\/page"}],"author":[{"embeddable":true,"href":"https:\/\/www.healtis.com\/de\/wp-json\/wp\/v2\/users\/3"}],"replies":[{"embeddable":true,"href":"https:\/\/www.healtis.com\/de\/wp-json\/wp\/v2\/comments?post=689"}],"version-history":[{"count":7,"href":"https:\/\/www.healtis.com\/de\/wp-json\/wp\/v2\/pages\/689\/revisions"}],"predecessor-version":[{"id":13699,"href":"https:\/\/www.healtis.com\/de\/wp-json\/wp\/v2\/pages\/689\/revisions\/13699"}],"up":[{"embeddable":true,"href":"https:\/\/www.healtis.com\/de\/wp-json\/wp\/v2\/pages\/630"}],"wp:featuredmedia":[{"embeddable":true,"href":"https:\/\/www.healtis.com\/de\/wp-json\/wp\/v2\/media\/691"}],"wp:attachment":[{"href":"https:\/\/www.healtis.com\/de\/wp-json\/wp\/v2\/media?parent=689"}],"curies":[{"name":"wp","href":"https:\/\/api.w.org\/{rel}","templated":true}]}}